{"id":202,"date":"2021-05-19T18:11:01","date_gmt":"2021-05-19T16:11:01","guid":{"rendered":"https:\/\/cfcp.wp2.siteo.com\/lrccp\/?page_id=202"},"modified":"2021-12-08T15:48:48","modified_gmt":"2021-12-08T14:48:48","slug":"nos-innovations","status":"publish","type":"page","link":"https:\/\/cfcp-caoutchouc.com\/lrccp\/nous-connaitre\/nos-innovations\/","title":{"rendered":"Nos innovations"},"content":{"rendered":"\n<h2 class=\"wp-block-heading\">Innover dans le domaine des mat\u00e9riaux polym\u00e8res<\/h2>\n\n\n\n<p>Depuis pr\u00e8s de 80 ans, le LRCCP, centre technique sous statut loi du 17 novembre 1943, est sp\u00e9cialis\u00e9 dans la recherche, le contr\u00f4le et l\u2019expertise des caoutchoucs et des polym\u00e8res.<br>Il dispose d\u2019une offre large de prestations sur mesure permettant de r\u00e9pondre en toute confidentialit\u00e9 aux besoins diversifi\u00e9s des entreprises produisant ou utilisant des mat\u00e9riaux ou des pi\u00e8ces en caoutchouc ou polym\u00e8res.<\/p>\n\n\n\n<p>L\u2019activit\u00e9 du LRCCP se structure autour de \u00ab prestations priv\u00e9es \u00bb (80 % du chiffre d\u2019affaires) :<\/p>\n\n\n\n<ul class=\"wp-block-list\"><li>Innovation, proc\u00e9d\u00e9s et formulation,<\/li><li>M\u00e9canique et simulation<\/li><li>Physico-chimie, essais et certification<\/li><li>Expertises<\/li><li>Ing\u00e9nierie des comp\u00e9tences<\/li><\/ul>\n\n\n\n<p>et \u00ab d\u2019\u00e9tudes, recherches et missions d\u2019int\u00e9r\u00eat g\u00e9n\u00e9ral \u00bb (20 %) co-financ\u00e9es par le SNCP (Syndicat national du caoutchouc et des polym\u00e8res), le Cetim (Centre technique des industries m\u00e9caniques) et la Fondation du caoutchouc.<\/p>\n\n\n\n<h2 class=\"wp-block-heading\">Agilit\u00e9 et r\u00e9activit\u00e9<\/h2>\n\n\n\n<p>Le LRCCP est constitu\u00e9 d\u2019une petite \u00e9quipe multisectorielle de 35 docteurs, ing\u00e9nieurs et techniciens aux sp\u00e9cialit\u00e9s compl\u00e9mentaires : chimie, m\u00e9canique des polym\u00e8res, calculs, formulation\u2026<br>B\u00e9n\u00e9ficiant d\u2019une exp\u00e9rience tr\u00e8s diversifi\u00e9e, elle est en capacit\u00e9 de r\u00e9pondre \u00e0 des demandes d\u2019\u00e9tudes complexes, c\u2019est-\u00e0-dire associant tant c\u00f4t\u00e9 clients, que c\u00f4t\u00e9 LRCCP, plusieurs experts de diverses sp\u00e9cialit\u00e9s.<\/p>\n\n\n\n\n\n\n<div class=\"divsiteo             \n    \"\n     \n     \n     style=\"background-color:#ffffff;\">\n    \n    \n    <div   style=\"padding:1rem 0rem;  margin:2rem 0rem;\">\n    \n        \n\n<p class=\"has-text-align-center\"><strong>Les diff\u00e9rents \u00e9tapes d\u2019une prestation type LRCCP<\/strong><\/p>\n\n\n\n     \n    <figure class=\" \">\n        <div><img decoding=\"async\" width=\"844\" height=\"229\" src=\"https:\/\/cfcp-caoutchouc.com\/lrccp\/wp-content\/uploads\/sites\/3\/2021\/05\/image5.png\" class=\"img-fluid\" alt=\"\" srcset=\"https:\/\/cfcp-caoutchouc.com\/lrccp\/wp-content\/uploads\/sites\/3\/2021\/05\/image5.png 844w, https:\/\/cfcp-caoutchouc.com\/lrccp\/wp-content\/uploads\/sites\/3\/2021\/05\/image5-600x163.png 600w, https:\/\/cfcp-caoutchouc.com\/lrccp\/wp-content\/uploads\/sites\/3\/2021\/05\/image5-768x208.png 768w\" sizes=\"(max-width: 844px) 100vw, 844px\" \/><\/div>\n    <\/figure>\n    \n\n\n    <\/div>\n    \n    \n\n<\/div>\n\n\n\n\n<h3 class=\"wp-block-heading\">Un \u00e9quipement mat\u00e9riel et logiciel d\u00e9di\u00e9 aux polym\u00e8res<\/h3>\n\n\n\n<p>Gr\u00e2ce \u00e0 une politique d\u2019investissements soutenus, des op\u00e9rations de m\u00e9c\u00e9nat et de partenariats \u00e9troits, le LRCCP dispose \u00e0 la fois d\u2019une plateforme technologique \u00e9quip\u00e9e de mat\u00e9riels industriels de m\u00e9langeage (interne et externe) et transformation (moulage par injection, par compression, extrusion\u2026) et de laboratoires aux \u00e9quipements mat\u00e9riels et logiciels diversifi\u00e9s.<br>Le LRCCP int\u00e8gre \u00e9galement sur son site un atelier de conception et r\u00e9alisation de bancs d\u2019essai permettant de r\u00e9pondre en toute flexibilit\u00e9 aux demande des clients.<\/p>\n\n\n\n<h3 class=\"wp-block-heading\">Institut Carnot<\/h3>\n\n\n\n<div class=\"wp-block-columns is-layout-flex wp-container-core-columns-is-layout-9d6595d7 wp-block-columns-is-layout-flex\">\n<div class=\"wp-block-column is-vertically-aligned-top is-layout-flow wp-block-column-is-layout-flow\" style=\"flex-basis:30%\">\n     \n    <figure class=\" aligncenter ctheight h20 \">\n        <div><img decoding=\"async\" width=\"200\" height=\"140\" src=\"https:\/\/cfcp-caoutchouc.com\/lrccp\/wp-content\/uploads\/sites\/3\/2021\/05\/image7.jpg\" class=\"img-fluid\" alt=\"\" \/><\/div>\n    <\/figure>\n    <\/div>\n\n\n\n<div class=\"wp-block-column is-vertically-aligned-center is-layout-flow wp-block-column-is-layout-flow\">\n<p>Le Cetim est labellis\u00e9 Institut Carnot ; le LRCCP est inclus dans le p\u00e9rim\u00e8tre Cetim Carnot. En f\u00e9vrier 2020, a eu lieu le renouvellement, pour une p\u00e9riode de 4 ans de la labellisation du Cetim comme Institut Carnot.<\/p>\n<\/div>\n<\/div>\n\n\n\n<h3 class=\"wp-block-heading\">CIR : Cr\u00e9dit d\u2019Imp\u00f4t Recherche<\/h3>\n\n\n\n<p>Le LRCCP, en tant que Centre Technique Industriels (CTI) reconnu par la loi du 17 novembre 1943 est agr\u00e9\u00e9 automatiquement au titre du CIR sans dossier, ni demande pr\u00e9alable.<\/p>\n\n\n\n<h3 class=\"wp-block-heading\">Le partenaire polym\u00e8re des industries de haute technicit\u00e9<\/h3>\n\n\n\n<p>L\u2019expertise polym\u00e8res du LRCCP est sollicit\u00e9e \u00e0 la fois par de grands donneurs d\u2019ordres industriels, des entreprises de taille interm\u00e9diaire et des PME. La demande d\u2019\u00e9tudes, essais, conseil, assistance \u00e9mane de tr\u00e8s nombreux secteurs d\u2019activit\u00e9s ; les plus importants sont repr\u00e9sent\u00e9s par ceux de l\u2019\u00e9nergie (nucl\u00e9aire, recherche p\u00e9troli\u00e8re, gaz\u2026), du caoutchouc (transformation, recyclage\u2026) et des transports (a\u00e9ronautique, a\u00e9rospatiale, ferroviaire, automobile\u2026).<\/p>\n\n\n\n<h3 class=\"wp-block-heading\">Des prestations tout au long du cycle de vie des produits<\/h3>\n\n\n\n<p>Les domaines de comp\u00e9tences d\u00e9velopp\u00e9s par le LRCCP lui permettent d\u2019intervenir sur l\u2019int\u00e9gralit\u00e9 du cycle de vie des produits caoutchoucs et polym\u00e8res, de la conception \u00e0 la valorisation des produits en fin de vie, en passant par la fabrication et la maintenance.<\/p>\n\n\n\n<h3 class=\"wp-block-heading\">Chiffres cl\u00e9s<\/h3>\n\n\n<div class=\"liste chiffre\">\n        <ul> \n\n        <li>            \n            \n                        \n            \n            \n            <div class=\"titre_liste\">4<\/div>\n            <div>\n                <p>4,0 millions d\u2019\u20ac de vente de prestations priv\u00e9es<\/p>\n            <\/div>\n            \n            <\/li><li>            \n            \n                        \n            \n            \n            <div class=\"titre_liste\">1<\/div>\n            <div>\n                <p> 1,0 million d\u2019\u20ac d\u2019\u00e9tudes g\u00e9n\u00e9rales<\/p>\n            <\/div>\n            \n            <\/li><li>            \n            \n                        \n            \n            \n            <div class=\"titre_liste\">35<\/div>\n            <div>\n                <p>35 personnes dont 70 % de docteurs, ing\u00e9nieurs et techniciens<\/p>\n            <\/div>\n            \n            <\/li><li>            \n            \n                        \n            \n            \n            <div class=\"titre_liste\">400 <\/div>\n            <div>\n                <p>400 entreprises clientes<\/p>\n            <\/div>\n            \n            <\/li>\n\n    <\/ul>\n<\/div>\n\n\n\n\n","protected":false},"excerpt":{"rendered":"<p>Innover dans le domaine des mat\u00e9riaux polym\u00e8res Depuis pr\u00e8s de 80 ans, le LRCCP, centre technique sous statut loi du 17 novembre 1943, est sp\u00e9cialis\u00e9 dans la recherche, le contr\u00f4le et l\u2019expertise des caoutchoucs et des polym\u00e8res.Il dispose d\u2019une offre large de prestations sur mesure permettant de r\u00e9pondre en toute confidentialit\u00e9 aux besoins diversifi\u00e9s des [&hellip;]<\/p>\n","protected":false},"author":1,"featured_media":0,"parent":13,"menu_order":0,"comment_status":"closed","ping_status":"closed","template":"","meta":{"_acf_changed":false,"_relevanssi_hide_post":"","_relevanssi_hide_content":"","_relevanssi_pin_for_all":"","_relevanssi_pin_keywords":"","_relevanssi_unpin_keywords":"","_relevanssi_related_keywords":"","_relevanssi_related_include_ids":"","_relevanssi_related_exclude_ids":"","_relevanssi_related_no_append":"","_relevanssi_related_not_related":"","_relevanssi_related_posts":"1","_relevanssi_noindex_reason":"","footnotes":""},"class_list":["post-202","page","type-page","status-publish","hentry"],"acf":[],"yoast_head":"<!-- This site is optimized with the Yoast SEO plugin v27.5 - https:\/\/yoast.com\/product\/yoast-seo-wordpress\/ -->\n<title>Nos innovations - LRCCP<\/title>\n<meta name=\"robots\" content=\"index, follow, max-snippet:-1, max-image-preview:large, max-video-preview:-1\" \/>\n<link rel=\"canonical\" href=\"https:\/\/cfcp-caoutchouc.com\/lrccp\/nous-connaitre\/nos-innovations\/\" \/>\n<meta property=\"og:locale\" content=\"fr_FR\" \/>\n<meta property=\"og:type\" content=\"article\" \/>\n<meta property=\"og:title\" content=\"Nos innovations - LRCCP\" \/>\n<meta property=\"og:description\" content=\"Innover dans le domaine des mat\u00e9riaux polym\u00e8res Depuis pr\u00e8s de 80 ans, le LRCCP, centre technique sous statut loi du 17 novembre 1943, est sp\u00e9cialis\u00e9 dans la recherche, le contr\u00f4le et l\u2019expertise des caoutchoucs et des polym\u00e8res.Il dispose d\u2019une offre large de prestations sur mesure permettant de r\u00e9pondre en toute confidentialit\u00e9 aux besoins diversifi\u00e9s des [&hellip;]\" \/>\n<meta property=\"og:url\" content=\"https:\/\/cfcp-caoutchouc.com\/lrccp\/nous-connaitre\/nos-innovations\/\" \/>\n<meta property=\"og:site_name\" content=\"LRCCP\" \/>\n<meta property=\"article:modified_time\" content=\"2021-12-08T14:48:48+00:00\" \/>\n<meta name=\"twitter:card\" content=\"summary_large_image\" \/>\n<meta name=\"twitter:label1\" content=\"Dur\u00e9e de lecture estim\u00e9e\" \/>\n\t<meta name=\"twitter:data1\" content=\"3 minutes\" \/>\n<script type=\"application\/ld+json\" class=\"yoast-schema-graph\">{\"@context\":\"https:\\\/\\\/schema.org\",\"@graph\":[{\"@type\":\"WebPage\",\"@id\":\"https:\\\/\\\/cfcp-caoutchouc.com\\\/lrccp\\\/nous-connaitre\\\/nos-innovations\\\/\",\"url\":\"https:\\\/\\\/cfcp-caoutchouc.com\\\/lrccp\\\/nous-connaitre\\\/nos-innovations\\\/\",\"name\":\"Nos innovations - LRCCP\",\"isPartOf\":{\"@id\":\"https:\\\/\\\/cfcp-caoutchouc.com\\\/lrccp\\\/#website\"},\"datePublished\":\"2021-05-19T16:11:01+00:00\",\"dateModified\":\"2021-12-08T14:48:48+00:00\",\"breadcrumb\":{\"@id\":\"https:\\\/\\\/cfcp-caoutchouc.com\\\/lrccp\\\/nous-connaitre\\\/nos-innovations\\\/#breadcrumb\"},\"inLanguage\":\"fr-FR\",\"potentialAction\":[{\"@type\":\"ReadAction\",\"target\":[\"https:\\\/\\\/cfcp-caoutchouc.com\\\/lrccp\\\/nous-connaitre\\\/nos-innovations\\\/\"]}]},{\"@type\":\"BreadcrumbList\",\"@id\":\"https:\\\/\\\/cfcp-caoutchouc.com\\\/lrccp\\\/nous-connaitre\\\/nos-innovations\\\/#breadcrumb\",\"itemListElement\":[{\"@type\":\"ListItem\",\"position\":1,\"name\":\"Accueil\",\"item\":\"https:\\\/\\\/cfcp-caoutchouc.com\\\/lrccp\\\/\"},{\"@type\":\"ListItem\",\"position\":2,\"name\":\"Nous conna\u00eetre\",\"item\":\"https:\\\/\\\/cfcp-caoutchouc.com\\\/lrccp\\\/nous-connaitre\\\/\"},{\"@type\":\"ListItem\",\"position\":3,\"name\":\"Nos innovations\"}]},{\"@type\":\"WebSite\",\"@id\":\"https:\\\/\\\/cfcp-caoutchouc.com\\\/lrccp\\\/#website\",\"url\":\"https:\\\/\\\/cfcp-caoutchouc.com\\\/lrccp\\\/\",\"name\":\"LRCCP\",\"description\":\"Laboratoire de recherches et de contr\u00f4le&lt;br&gt;du caoutchouc et des plastiques\",\"publisher\":{\"@id\":\"https:\\\/\\\/cfcp-caoutchouc.com\\\/lrccp\\\/#organization\"},\"potentialAction\":[{\"@type\":\"SearchAction\",\"target\":{\"@type\":\"EntryPoint\",\"urlTemplate\":\"https:\\\/\\\/cfcp-caoutchouc.com\\\/lrccp\\\/?s={search_term_string}\"},\"query-input\":{\"@type\":\"PropertyValueSpecification\",\"valueRequired\":true,\"valueName\":\"search_term_string\"}}],\"inLanguage\":\"fr-FR\"},{\"@type\":\"Organization\",\"@id\":\"https:\\\/\\\/cfcp-caoutchouc.com\\\/lrccp\\\/#organization\",\"name\":\"LRCCP\",\"url\":\"https:\\\/\\\/cfcp-caoutchouc.com\\\/lrccp\\\/\",\"logo\":{\"@type\":\"ImageObject\",\"inLanguage\":\"fr-FR\",\"@id\":\"https:\\\/\\\/cfcp-caoutchouc.com\\\/lrccp\\\/#\\\/schema\\\/logo\\\/image\\\/\",\"url\":\"https:\\\/\\\/cfcp-caoutchouc.com\\\/lrccp\\\/wp-content\\\/uploads\\\/sites\\\/3\\\/2021\\\/04\\\/lrccp-logo.png\",\"contentUrl\":\"https:\\\/\\\/cfcp-caoutchouc.com\\\/lrccp\\\/wp-content\\\/uploads\\\/sites\\\/3\\\/2021\\\/04\\\/lrccp-logo.png\",\"width\":576,\"height\":323,\"caption\":\"LRCCP\"},\"image\":{\"@id\":\"https:\\\/\\\/cfcp-caoutchouc.com\\\/lrccp\\\/#\\\/schema\\\/logo\\\/image\\\/\"}}]}<\/script>\n<!-- \/ Yoast SEO plugin. -->","yoast_head_json":{"title":"Nos innovations - LRCCP","robots":{"index":"index","follow":"follow","max-snippet":"max-snippet:-1","max-image-preview":"max-image-preview:large","max-video-preview":"max-video-preview:-1"},"canonical":"https:\/\/cfcp-caoutchouc.com\/lrccp\/nous-connaitre\/nos-innovations\/","og_locale":"fr_FR","og_type":"article","og_title":"Nos innovations - LRCCP","og_description":"Innover dans le domaine des mat\u00e9riaux polym\u00e8res Depuis pr\u00e8s de 80 ans, le LRCCP, centre technique sous statut loi du 17 novembre 1943, est sp\u00e9cialis\u00e9 dans la recherche, le contr\u00f4le et l\u2019expertise des caoutchoucs et des polym\u00e8res.Il dispose d\u2019une offre large de prestations sur mesure permettant de r\u00e9pondre en toute confidentialit\u00e9 aux besoins diversifi\u00e9s des [&hellip;]","og_url":"https:\/\/cfcp-caoutchouc.com\/lrccp\/nous-connaitre\/nos-innovations\/","og_site_name":"LRCCP","article_modified_time":"2021-12-08T14:48:48+00:00","twitter_card":"summary_large_image","twitter_misc":{"Dur\u00e9e de lecture estim\u00e9e":"3 minutes"},"schema":{"@context":"https:\/\/schema.org","@graph":[{"@type":"WebPage","@id":"https:\/\/cfcp-caoutchouc.com\/lrccp\/nous-connaitre\/nos-innovations\/","url":"https:\/\/cfcp-caoutchouc.com\/lrccp\/nous-connaitre\/nos-innovations\/","name":"Nos innovations - LRCCP","isPartOf":{"@id":"https:\/\/cfcp-caoutchouc.com\/lrccp\/#website"},"datePublished":"2021-05-19T16:11:01+00:00","dateModified":"2021-12-08T14:48:48+00:00","breadcrumb":{"@id":"https:\/\/cfcp-caoutchouc.com\/lrccp\/nous-connaitre\/nos-innovations\/#breadcrumb"},"inLanguage":"fr-FR","potentialAction":[{"@type":"ReadAction","target":["https:\/\/cfcp-caoutchouc.com\/lrccp\/nous-connaitre\/nos-innovations\/"]}]},{"@type":"BreadcrumbList","@id":"https:\/\/cfcp-caoutchouc.com\/lrccp\/nous-connaitre\/nos-innovations\/#breadcrumb","itemListElement":[{"@type":"ListItem","position":1,"name":"Accueil","item":"https:\/\/cfcp-caoutchouc.com\/lrccp\/"},{"@type":"ListItem","position":2,"name":"Nous conna\u00eetre","item":"https:\/\/cfcp-caoutchouc.com\/lrccp\/nous-connaitre\/"},{"@type":"ListItem","position":3,"name":"Nos innovations"}]},{"@type":"WebSite","@id":"https:\/\/cfcp-caoutchouc.com\/lrccp\/#website","url":"https:\/\/cfcp-caoutchouc.com\/lrccp\/","name":"LRCCP","description":"Laboratoire de recherches et de contr\u00f4le&lt;br&gt;du caoutchouc et des plastiques","publisher":{"@id":"https:\/\/cfcp-caoutchouc.com\/lrccp\/#organization"},"potentialAction":[{"@type":"SearchAction","target":{"@type":"EntryPoint","urlTemplate":"https:\/\/cfcp-caoutchouc.com\/lrccp\/?s={search_term_string}"},"query-input":{"@type":"PropertyValueSpecification","valueRequired":true,"valueName":"search_term_string"}}],"inLanguage":"fr-FR"},{"@type":"Organization","@id":"https:\/\/cfcp-caoutchouc.com\/lrccp\/#organization","name":"LRCCP","url":"https:\/\/cfcp-caoutchouc.com\/lrccp\/","logo":{"@type":"ImageObject","inLanguage":"fr-FR","@id":"https:\/\/cfcp-caoutchouc.com\/lrccp\/#\/schema\/logo\/image\/","url":"https:\/\/cfcp-caoutchouc.com\/lrccp\/wp-content\/uploads\/sites\/3\/2021\/04\/lrccp-logo.png","contentUrl":"https:\/\/cfcp-caoutchouc.com\/lrccp\/wp-content\/uploads\/sites\/3\/2021\/04\/lrccp-logo.png","width":576,"height":323,"caption":"LRCCP"},"image":{"@id":"https:\/\/cfcp-caoutchouc.com\/lrccp\/#\/schema\/logo\/image\/"}}]}},"_links":{"self":[{"href":"https:\/\/cfcp-caoutchouc.com\/lrccp\/wp-json\/wp\/v2\/pages\/202","targetHints":{"allow":["GET"]}}],"collection":[{"href":"https:\/\/cfcp-caoutchouc.com\/lrccp\/wp-json\/wp\/v2\/pages"}],"about":[{"href":"https:\/\/cfcp-caoutchouc.com\/lrccp\/wp-json\/wp\/v2\/types\/page"}],"author":[{"embeddable":true,"href":"https:\/\/cfcp-caoutchouc.com\/lrccp\/wp-json\/wp\/v2\/users\/1"}],"replies":[{"embeddable":true,"href":"https:\/\/cfcp-caoutchouc.com\/lrccp\/wp-json\/wp\/v2\/comments?post=202"}],"version-history":[{"count":5,"href":"https:\/\/cfcp-caoutchouc.com\/lrccp\/wp-json\/wp\/v2\/pages\/202\/revisions"}],"predecessor-version":[{"id":1707,"href":"https:\/\/cfcp-caoutchouc.com\/lrccp\/wp-json\/wp\/v2\/pages\/202\/revisions\/1707"}],"up":[{"embeddable":true,"href":"https:\/\/cfcp-caoutchouc.com\/lrccp\/wp-json\/wp\/v2\/pages\/13"}],"wp:attachment":[{"href":"https:\/\/cfcp-caoutchouc.com\/lrccp\/wp-json\/wp\/v2\/media?parent=202"}],"curies":[{"name":"wp","href":"https:\/\/api.w.org\/{rel}","templated":true}]}}